{"id":75,"date":"2020-01-27T08:29:32","date_gmt":"2020-01-27T08:29:32","guid":{"rendered":"https:\/\/demosites.io\/web-agency-gb\/?page_id=75"},"modified":"2024-01-16T12:39:30","modified_gmt":"2024-01-16T11:39:30","slug":"15c42-web-agency-gb-contact-us","status":"publish","type":"page","link":"https:\/\/location-bateau-dhb.fr\/index.php\/15c42-web-agency-gb-contact-us\/","title":{"rendered":"Contact Us"},"content":{"rendered":"\t\t<div data-elementor-type=\"wp-page\" data-elementor-id=\"75\" class=\"elementor elementor-75\" data-elementor-settings=\"{&quot;ha_cmc_init_switcher&quot;:&quot;no&quot;}\">\n\t\t\t\t<div class=\"elementor-element elementor-element-5af9c3f6 e-con-full e-flex wpr-particle-no wpr-jarallax-no wpr-parallax-no wpr-sticky-section-no e-con e-parent\" data-id=\"5af9c3f6\" data-element_type=\"container\" data-e-type=\"container\" data-settings=\"{&quot;background_background&quot;:&quot;classic&quot;,&quot;_ha_eqh_enable&quot;:false}\">\n\t\t<div class=\"elementor-element elementor-element-79bdd2a2 e-con-full e-flex wpr-particle-no wpr-jarallax-no wpr-parallax-no wpr-sticky-section-no e-con e-child\" data-id=\"79bdd2a2\" data-element_type=\"container\" data-e-type=\"container\" data-settings=\"{&quot;_ha_eqh_enable&quot;:false}\">\n\t\t\t\t<div class=\"elementor-element elementor-element-7fd024ad elementor-widget elementor-widget-heading\" data-id=\"7fd024ad\" data-element_type=\"widget\" data-e-type=\"widget\" data-widget_type=\"heading.default\">\n\t\t\t\t<div class=\"elementor-widget-container\">\n\t\t\t\t\t<h1 class=\"elementor-heading-title elementor-size-default\">Nous contacter \n\/ R\u00e9server <\/h1>\t\t\t\t<\/div>\n\t\t\t\t<\/div>\n\t\t\t\t<div class=\"elementor-element elementor-element-317fee00 elementor-widget elementor-widget-text-editor\" data-id=\"317fee00\" data-element_type=\"widget\" data-e-type=\"widget\" data-widget_type=\"text-editor.default\">\n\t\t\t\t<div class=\"elementor-widget-container\">\n\t\t\t\t\t\t\t\t\t<p>Pour plus de renseignements ou tout simplement r\u00e9server et v\u00e9rifier la disponibilit\u00e9, contactez nous.\u00a0<\/p>\t\t\t\t\t\t\t\t<\/div>\n\t\t\t\t<\/div>\n\t\t\t\t<div class=\"elementor-element elementor-element-33bf45a8 elementor-align-start elementor-icon-list--layout-traditional elementor-list-item-link-full_width elementor-widget elementor-widget-icon-list\" data-id=\"33bf45a8\" data-element_type=\"widget\" data-e-type=\"widget\" data-widget_type=\"icon-list.default\">\n\t\t\t\t<div class=\"elementor-widget-container\">\n\t\t\t\t\t\t\t<ul class=\"elementor-icon-list-items\">\n\t\t\t\t\t\t\t<li class=\"elementor-icon-list-item\">\n\t\t\t\t\t\t\t\t\t\t<span class=\"elementor-icon-list-text\"><b>Phone:<\/b> + 33 6 13 11 14 13<\/span>\n\t\t\t\t\t\t\t\t\t<\/li>\n\t\t\t\t\t\t\t\t<li class=\"elementor-icon-list-item\">\n\t\t\t\t\t\t\t\t\t\t<span class=\"elementor-icon-list-text\"><b>Email:<\/b> pbougnat1961@gmail.com<\/span>\n\t\t\t\t\t\t\t\t\t<\/li>\n\t\t\t\t\t\t<\/ul>\n\t\t\t\t\t\t<\/div>\n\t\t\t\t<\/div>\n\t\t\t\t<div class=\"elementor-element elementor-element-a55d430 elementor-widget elementor-widget-shortcode\" data-id=\"a55d430\" data-element_type=\"widget\" data-e-type=\"widget\" data-widget_type=\"shortcode.default\">\n\t\t\t\t<div class=\"elementor-widget-container\">\n\t\t\t\t\t\t\t<div class=\"elementor-shortcode\"><div class=\"forminator-ui forminator-custom-form forminator-custom-form-554 forminator-design--flat  forminator_ajax\" data-forminator-render=\"0\" data-form=\"forminator-module-554\" data-uid=\"69d06ce59fb59\"><br\/><\/div><form\n\t\t\t\tid=\"forminator-module-554\"\n\t\t\t\tclass=\"forminator-ui forminator-custom-form forminator-custom-form-554 forminator-design--flat  forminator_ajax\"\n\t\t\t\tmethod=\"post\"\n\t\t\t\tdata-forminator-render=\"0\"\n\t\t\t\tdata-form-id=\"554\"\n\t\t\t\t data-color-option=\"default\" data-design=\"flat\" data-grid=\"open\" style=\"display: none;\"\n\t\t\t\tdata-uid=\"69d06ce59fb59\"\n\t\t\t><div role=\"alert\" aria-live=\"polite\" class=\"forminator-response-message forminator-error\" aria-hidden=\"true\"><\/div><div class=\"forminator-row\"><div id=\"name-1\" class=\"forminator-field-name forminator-col forminator-col-12 \"><div class=\"forminator-field\"><label for=\"forminator-field-name-1_69d06ce59fb59\" id=\"forminator-field-name-1_69d06ce59fb59-label\" class=\"forminator-label\">Pr\u00e9nom <span class=\"forminator-required\">*<\/span><\/label><input type=\"text\" name=\"name-1\" value=\"\" placeholder=\"Par exemple\u00a0: Jean\" id=\"forminator-field-name-1_69d06ce59fb59\" class=\"forminator-input forminator-name--field\" aria-required=\"true\" autocomplete=\"name\" \/><\/div><\/div><\/div><div class=\"forminator-row\"><div id=\"email-1\" class=\"forminator-field-email forminator-col forminator-col-12 \"><div class=\"forminator-field\"><label for=\"forminator-field-email-1_69d06ce59fb59\" id=\"forminator-field-email-1_69d06ce59fb59-label\" class=\"forminator-label\">Adresse de messagerie <span class=\"forminator-required\">*<\/span><\/label><input type=\"email\" name=\"email-1\" value=\"\" placeholder=\"Par exemple\u00a0: jacques@martin.com\" id=\"forminator-field-email-1_69d06ce59fb59\" class=\"forminator-input forminator-email--field\" data-required=\"true\" aria-required=\"true\" autocomplete=\"email\" \/><\/div><\/div><\/div><div class=\"forminator-row\"><div id=\"phone-1\" class=\"forminator-field-phone forminator-col forminator-col-12 \"><div class=\"forminator-field\"><label for=\"forminator-field-phone-1_69d06ce59fb59\" id=\"forminator-field-phone-1_69d06ce59fb59-label\" class=\"forminator-label\">Num\u00e9ro de t\u00e9l\u00e9phone<\/label><input type=\"text\" name=\"phone-1\" value=\"\" placeholder=\"Par exemple\u00a0: +1 02 03 04 05\" id=\"forminator-field-phone-1_69d06ce59fb59\" class=\"forminator-input forminator-field--phone\" data-required=\"\" aria-required=\"false\" autocomplete=\"off\" \/><\/div><\/div><\/div><div class=\"forminator-row\"><div id=\"textarea-1\" class=\"forminator-field-textarea forminator-col forminator-col-12 \"><div class=\"forminator-field\"><label for=\"forminator-field-textarea-1_69d06ce59fb59\" id=\"forminator-field-textarea-1_69d06ce59fb59-label\" class=\"forminator-label\">Message<\/label><textarea name=\"textarea-1\" placeholder=\"Saisissez votre message\u2026\" id=\"forminator-field-textarea-1_69d06ce59fb59\" class=\"forminator-textarea\" rows=\"6\" style=\"min-height:140px;\" maxlength=\"180\" ><\/textarea><span id=\"forminator-field-textarea-1_69d06ce59fb59-description\" class=\"forminator-description\"><span data-limit=\"180\" data-type=\"characters\" data-editor=\"\">0 \/ 180<\/span><\/span><\/div><\/div><\/div><input type=\"hidden\" name=\"referer_url\" value=\"\" \/><div class=\"forminator-row forminator-row-last\"><div class=\"forminator-col\"><div class=\"forminator-field\"><button class=\"forminator-button forminator-button-submit\">Envoyer le message<\/button><\/div><\/div><\/div><input type=\"hidden\" id=\"forminator_nonce\" name=\"forminator_nonce\" value=\"cb61b50007\" \/><input type=\"hidden\" name=\"_wp_http_referer\" value=\"\/index.php\/wp-json\/wp\/v2\/pages\/75\" \/><input type=\"hidden\" name=\"form_id\" value=\"554\"><input type=\"hidden\" name=\"page_id\" value=\"75\"><input type=\"hidden\" name=\"form_type\" value=\"default\"><input type=\"hidden\" name=\"current_url\" value=\"https:\/\/location-bateau-dhb.fr\/index.php\/15c42-web-agency-gb-contact-us\/\"><input type=\"hidden\" name=\"render_id\" value=\"0\"><input type=\"hidden\" name=\"action\" value=\"forminator_submit_form_custom-forms\"><\/form><\/div>\n\t\t\t\t\t\t<\/div>\n\t\t\t\t<\/div>\n\t\t\t\t<\/div>\n\t\t<div class=\"elementor-element elementor-element-1db8a9a6 e-con-full e-flex wpr-particle-no wpr-jarallax-no wpr-parallax-no wpr-sticky-section-no e-con e-child\" data-id=\"1db8a9a6\" data-element_type=\"container\" data-e-type=\"container\" data-settings=\"{&quot;_ha_eqh_enable&quot;:false}\">\n\t\t\t\t<div class=\"elementor-element elementor-element-5b3e785 elementor-widget elementor-widget-image\" data-id=\"5b3e785\" data-element_type=\"widget\" data-e-type=\"widget\" data-widget_type=\"image.default\">\n\t\t\t\t<div class=\"elementor-widget-container\">\n\t\t\t\t\t\t\t\t\t\t\t\t\t\t\t<img fetchpriority=\"high\" decoding=\"async\" width=\"683\" height=\"1024\" src=\"https:\/\/location-bateau-dhb.fr\/wp-content\/uploads\/2023\/11\/GALEON-335-HTS-vu-du-dessus-avant-683x1024.jpg\" class=\"attachment-large size-large wp-image-656\" alt=\"location yacht mandelieu\" srcset=\"https:\/\/location-bateau-dhb.fr\/wp-content\/uploads\/2023\/11\/GALEON-335-HTS-vu-du-dessus-avant-683x1024.jpg 683w, https:\/\/location-bateau-dhb.fr\/wp-content\/uploads\/2023\/11\/GALEON-335-HTS-vu-du-dessus-avant-200x300.jpg 200w, https:\/\/location-bateau-dhb.fr\/wp-content\/uploads\/2023\/11\/GALEON-335-HTS-vu-du-dessus-avant-768x1152.jpg 768w, https:\/\/location-bateau-dhb.fr\/wp-content\/uploads\/2023\/11\/GALEON-335-HTS-vu-du-dessus-avant.jpg 800w\" sizes=\"(max-width: 683px) 100vw, 683px\" \/>\t\t\t\t\t\t\t\t\t\t\t\t\t\t\t<\/div>\n\t\t\t\t<\/div>\n\t\t\t\t<\/div>\n\t\t\t\t<\/div>\n\t\t<div class=\"elementor-element elementor-element-53b785ed e-con-full e-flex wpr-particle-no wpr-jarallax-no wpr-parallax-no wpr-sticky-section-no e-con e-parent\" data-id=\"53b785ed\" data-element_type=\"container\" data-e-type=\"container\" data-settings=\"{&quot;_ha_eqh_enable&quot;:false}\">\n\t\t<div class=\"elementor-element elementor-element-6dd097f3 e-con-full e-flex wpr-particle-no wpr-jarallax-no wpr-parallax-no wpr-sticky-section-no e-con e-child\" data-id=\"6dd097f3\" data-element_type=\"container\" data-e-type=\"container\" data-settings=\"{&quot;background_background&quot;:&quot;classic&quot;,&quot;_ha_eqh_enable&quot;:false}\">\n\t\t\t\t<div class=\"elementor-element elementor-element-214d71ff elementor-widget elementor-widget-google_maps\" data-id=\"214d71ff\" data-element_type=\"widget\" data-e-type=\"widget\" data-widget_type=\"google_maps.default\">\n\t\t\t\t<div class=\"elementor-widget-container\">\n\t\t\t\t\t\t\t<div class=\"elementor-custom-embed\">\n\t\t\t<iframe loading=\"lazy\"\n\t\t\t\t\tsrc=\"https:\/\/maps.google.com\/maps?q=mandelieu%20&#038;t=m&#038;z=17&#038;output=embed&#038;iwloc=near\"\n\t\t\t\t\ttitle=\"mandelieu \"\n\t\t\t\t\taria-label=\"mandelieu \"\n\t\t\t><\/iframe>\n\t\t<\/div>\n\t\t\t\t\t\t<\/div>\n\t\t\t\t<\/div>\n\t\t\t\t<\/div>\n\t\t<div class=\"elementor-element elementor-element-2fe263ee e-con-full e-flex wpr-particle-no wpr-jarallax-no wpr-parallax-no wpr-sticky-section-no e-con e-child\" data-id=\"2fe263ee\" data-element_type=\"container\" data-e-type=\"container\" data-settings=\"{&quot;_ha_eqh_enable&quot;:false}\">\n\t\t\t\t<div class=\"elementor-element elementor-element-2a0c2c09 elementor-widget elementor-widget-heading\" data-id=\"2a0c2c09\" data-element_type=\"widget\" data-e-type=\"widget\" data-widget_type=\"heading.default\">\n\t\t\t\t<div class=\"elementor-widget-container\">\n\t\t\t\t\t<h2 class=\"elementor-heading-title elementor-size-default\">Location bateau mandelieu <\/h2>\t\t\t\t<\/div>\n\t\t\t\t<\/div>\n\t\t\t\t<\/div>\n\t\t\t\t<\/div>\n\t\t\t\t<\/div>\n\t\t","protected":false},"excerpt":{"rendered":"<p>Nous contacter \/ R\u00e9server Pour plus de renseignements ou tout simplement r\u00e9server et v\u00e9rifier la disponibilit\u00e9, contactez nous.\u00a0 Phone: + 33 6 13 11 14 13 Email: pbougnat1961@gmail.com Location bateau mandelieu<\/p>\n","protected":false},"author":1,"featured_media":0,"parent":0,"menu_order":0,"comment_status":"closed","ping_status":"closed","template":"","meta":{"neve_meta_sidebar":"default","neve_meta_container":"","neve_meta_enable_content_width":"on","neve_meta_content_width":100,"neve_meta_title_alignment":"","neve_meta_author_avatar":"","neve_post_elements_order":"","neve_meta_disable_header":"","neve_meta_disable_footer":"","neve_meta_disable_title":"on","footnotes":""},"class_list":["post-75","page","type-page","status-publish","hentry"],"yoast_head":"<!-- This site is optimized with the Yoast SEO plugin v21.8 - https:\/\/yoast.com\/wordpress\/plugins\/seo\/ -->\n<title>Contact Us - location bateau DHB<\/title>\n<meta name=\"robots\" content=\"index, follow, max-snippet:-1, max-image-preview:large, max-video-preview:-1\" \/>\n<link rel=\"canonical\" href=\"https:\/\/location-bateau-dhb.fr\/index.php\/15c42-web-agency-gb-contact-us\/\" \/>\n<meta property=\"og:locale\" content=\"en_US\" \/>\n<meta property=\"og:type\" content=\"article\" \/>\n<meta property=\"og:title\" content=\"Contact Us - location bateau DHB\" \/>\n<meta property=\"og:description\" content=\"Nous contacter \/ R\u00e9server Pour plus de renseignements ou tout simplement r\u00e9server et v\u00e9rifier la disponibilit\u00e9, contactez nous.\u00a0 Phone: + 33 6 13 11 14 13 Email: pbougnat1961@gmail.com Location bateau mandelieu\" \/>\n<meta property=\"og:url\" content=\"https:\/\/location-bateau-dhb.fr\/index.php\/15c42-web-agency-gb-contact-us\/\" \/>\n<meta property=\"og:site_name\" content=\"location bateau DHB\" \/>\n<meta property=\"article:modified_time\" content=\"2024-01-16T11:39:30+00:00\" \/>\n<meta property=\"og:image\" content=\"http:\/\/location-bateau-dhb.fr\/wp-content\/uploads\/2023\/11\/GALEON-335-HTS-vu-du-dessus-avant-683x1024.jpg\" \/>\n<meta name=\"twitter:card\" content=\"summary_large_image\" \/>\n<meta name=\"twitter:label1\" content=\"Est. reading time\" \/>\n\t<meta name=\"twitter:data1\" content=\"1 minute\" \/>\n<script type=\"application\/ld+json\" class=\"yoast-schema-graph\">{\"@context\":\"https:\/\/schema.org\",\"@graph\":[{\"@type\":\"WebPage\",\"@id\":\"https:\/\/location-bateau-dhb.fr\/index.php\/15c42-web-agency-gb-contact-us\/\",\"url\":\"https:\/\/location-bateau-dhb.fr\/index.php\/15c42-web-agency-gb-contact-us\/\",\"name\":\"Contact Us - location bateau DHB\",\"isPartOf\":{\"@id\":\"https:\/\/location-bateau-dhb.fr\/#website\"},\"datePublished\":\"2020-01-27T08:29:32+00:00\",\"dateModified\":\"2024-01-16T11:39:30+00:00\",\"breadcrumb\":{\"@id\":\"https:\/\/location-bateau-dhb.fr\/index.php\/15c42-web-agency-gb-contact-us\/#breadcrumb\"},\"inLanguage\":\"en-US\",\"potentialAction\":[{\"@type\":\"ReadAction\",\"target\":[\"https:\/\/location-bateau-dhb.fr\/index.php\/15c42-web-agency-gb-contact-us\/\"]}]},{\"@type\":\"BreadcrumbList\",\"@id\":\"https:\/\/location-bateau-dhb.fr\/index.php\/15c42-web-agency-gb-contact-us\/#breadcrumb\",\"itemListElement\":[{\"@type\":\"ListItem\",\"position\":1,\"name\":\"Home\",\"item\":\"https:\/\/location-bateau-dhb.fr\/\"},{\"@type\":\"ListItem\",\"position\":2,\"name\":\"Contact Us\"}]},{\"@type\":\"WebSite\",\"@id\":\"https:\/\/location-bateau-dhb.fr\/#website\",\"url\":\"https:\/\/location-bateau-dhb.fr\/\",\"name\":\"location bateau DHB\",\"description\":\"Un site utilisant WordPress\",\"publisher\":{\"@id\":\"https:\/\/location-bateau-dhb.fr\/#organization\"},\"potentialAction\":[{\"@type\":\"SearchAction\",\"target\":{\"@type\":\"EntryPoint\",\"urlTemplate\":\"https:\/\/location-bateau-dhb.fr\/?s={search_term_string}\"},\"query-input\":\"required name=search_term_string\"}],\"inLanguage\":\"en-US\"},{\"@type\":\"Organization\",\"@id\":\"https:\/\/location-bateau-dhb.fr\/#organization\",\"name\":\"location bateau DHB\",\"url\":\"https:\/\/location-bateau-dhb.fr\/\",\"logo\":{\"@type\":\"ImageObject\",\"inLanguage\":\"en-US\",\"@id\":\"https:\/\/location-bateau-dhb.fr\/#\/schema\/logo\/image\/\",\"url\":\"https:\/\/location-bateau-dhb.fr\/wp-content\/uploads\/2023\/11\/cropped-Design-sans-titre-12-e1699350945674.png\",\"contentUrl\":\"https:\/\/location-bateau-dhb.fr\/wp-content\/uploads\/2023\/11\/cropped-Design-sans-titre-12-e1699350945674.png\",\"width\":512,\"height\":320,\"caption\":\"location bateau DHB\"},\"image\":{\"@id\":\"https:\/\/location-bateau-dhb.fr\/#\/schema\/logo\/image\/\"}}]}<\/script>\n<!-- \/ Yoast SEO plugin. -->","yoast_head_json":{"title":"Contact Us - location bateau DHB","robots":{"index":"index","follow":"follow","max-snippet":"max-snippet:-1","max-image-preview":"max-image-preview:large","max-video-preview":"max-video-preview:-1"},"canonical":"https:\/\/location-bateau-dhb.fr\/index.php\/15c42-web-agency-gb-contact-us\/","og_locale":"en_US","og_type":"article","og_title":"Contact Us - location bateau DHB","og_description":"Nous contacter \/ R\u00e9server Pour plus de renseignements ou tout simplement r\u00e9server et v\u00e9rifier la disponibilit\u00e9, contactez nous.\u00a0 Phone: + 33 6 13 11 14 13 Email: pbougnat1961@gmail.com Location bateau mandelieu","og_url":"https:\/\/location-bateau-dhb.fr\/index.php\/15c42-web-agency-gb-contact-us\/","og_site_name":"location bateau DHB","article_modified_time":"2024-01-16T11:39:30+00:00","og_image":[{"url":"http:\/\/location-bateau-dhb.fr\/wp-content\/uploads\/2023\/11\/GALEON-335-HTS-vu-du-dessus-avant-683x1024.jpg"}],"twitter_card":"summary_large_image","twitter_misc":{"Est. reading time":"1 minute"},"schema":{"@context":"https:\/\/schema.org","@graph":[{"@type":"WebPage","@id":"https:\/\/location-bateau-dhb.fr\/index.php\/15c42-web-agency-gb-contact-us\/","url":"https:\/\/location-bateau-dhb.fr\/index.php\/15c42-web-agency-gb-contact-us\/","name":"Contact Us - location bateau DHB","isPartOf":{"@id":"https:\/\/location-bateau-dhb.fr\/#website"},"datePublished":"2020-01-27T08:29:32+00:00","dateModified":"2024-01-16T11:39:30+00:00","breadcrumb":{"@id":"https:\/\/location-bateau-dhb.fr\/index.php\/15c42-web-agency-gb-contact-us\/#breadcrumb"},"inLanguage":"en-US","potentialAction":[{"@type":"ReadAction","target":["https:\/\/location-bateau-dhb.fr\/index.php\/15c42-web-agency-gb-contact-us\/"]}]},{"@type":"BreadcrumbList","@id":"https:\/\/location-bateau-dhb.fr\/index.php\/15c42-web-agency-gb-contact-us\/#breadcrumb","itemListElement":[{"@type":"ListItem","position":1,"name":"Home","item":"https:\/\/location-bateau-dhb.fr\/"},{"@type":"ListItem","position":2,"name":"Contact Us"}]},{"@type":"WebSite","@id":"https:\/\/location-bateau-dhb.fr\/#website","url":"https:\/\/location-bateau-dhb.fr\/","name":"location bateau DHB","description":"Un site utilisant WordPress","publisher":{"@id":"https:\/\/location-bateau-dhb.fr\/#organization"},"potentialAction":[{"@type":"SearchAction","target":{"@type":"EntryPoint","urlTemplate":"https:\/\/location-bateau-dhb.fr\/?s={search_term_string}"},"query-input":"required name=search_term_string"}],"inLanguage":"en-US"},{"@type":"Organization","@id":"https:\/\/location-bateau-dhb.fr\/#organization","name":"location bateau DHB","url":"https:\/\/location-bateau-dhb.fr\/","logo":{"@type":"ImageObject","inLanguage":"en-US","@id":"https:\/\/location-bateau-dhb.fr\/#\/schema\/logo\/image\/","url":"https:\/\/location-bateau-dhb.fr\/wp-content\/uploads\/2023\/11\/cropped-Design-sans-titre-12-e1699350945674.png","contentUrl":"https:\/\/location-bateau-dhb.fr\/wp-content\/uploads\/2023\/11\/cropped-Design-sans-titre-12-e1699350945674.png","width":512,"height":320,"caption":"location bateau DHB"},"image":{"@id":"https:\/\/location-bateau-dhb.fr\/#\/schema\/logo\/image\/"}}]}},"_links":{"self":[{"href":"https:\/\/location-bateau-dhb.fr\/index.php\/wp-json\/wp\/v2\/pages\/75","targetHints":{"allow":["GET"]}}],"collection":[{"href":"https:\/\/location-bateau-dhb.fr\/index.php\/wp-json\/wp\/v2\/pages"}],"about":[{"href":"https:\/\/location-bateau-dhb.fr\/index.php\/wp-json\/wp\/v2\/types\/page"}],"author":[{"embeddable":true,"href":"https:\/\/location-bateau-dhb.fr\/index.php\/wp-json\/wp\/v2\/users\/1"}],"replies":[{"embeddable":true,"href":"https:\/\/location-bateau-dhb.fr\/index.php\/wp-json\/wp\/v2\/comments?post=75"}],"version-history":[{"count":9,"href":"https:\/\/location-bateau-dhb.fr\/index.php\/wp-json\/wp\/v2\/pages\/75\/revisions"}],"predecessor-version":[{"id":781,"href":"https:\/\/location-bateau-dhb.fr\/index.php\/wp-json\/wp\/v2\/pages\/75\/revisions\/781"}],"wp:attachment":[{"href":"https:\/\/location-bateau-dhb.fr\/index.php\/wp-json\/wp\/v2\/media?parent=75"}],"curies":[{"name":"wp","href":"https:\/\/api.w.org\/{rel}","templated":true}]}}